{"id":894,"date":"2023-12-05T10:45:04","date_gmt":"2023-12-05T09:45:04","guid":{"rendered":"https:\/\/wceprocess.com\/?page_id=894"},"modified":"2025-12-11T06:01:36","modified_gmt":"2025-12-11T05:01:36","slug":"nos-clients","status":"publish","type":"page","link":"https:\/\/co2engineering.com\/en\/nos-clients\/","title":{"rendered":"Our clients"},"content":{"rendered":"<div data-elementor-type=\"wp-page\" data-elementor-id=\"894\" class=\"elementor elementor-894\">\n\t\t\t\t\t\t\t\t\t<section class=\"elementor-section elementor-top-section elementor-element elementor-element-1ebc3c66 elementor-section-boxed elementor-section-height-default elementor-section-height-default\" data-id=\"1ebc3c66\" data-element_type=\"section\">\n\t\t\t\t\t\t<div class=\"elementor-container elementor-column-gap-default\">\n\t\t\t\t\t<div class=\"elementor-column elementor-col-100 elementor-top-column elementor-element elementor-element-1e16f1ae\" data-id=\"1e16f1ae\" data-element_type=\"column\">\n\t\t\t<div class=\"elementor-widget-wrap elementor-element-populated\">\n\t\t\t\t\t\t<div class=\"elementor-element elementor-element-1c849092 e-flex e-con-boxed e-con e-parent\" data-id=\"1c849092\" data-element_type=\"container\" data-settings=\"{&quot;background_background&quot;:&quot;classic&quot;,&quot;content_width&quot;:&quot;boxed&quot;}\" data-core-v316-plus=\"true\">\n\t\t\t\t\t<div class=\"e-con-inner\">\n\t\t\t\t<div class=\"elementor-element elementor-element-4e8127bb elementor-widget elementor-widget-heading\" data-id=\"4e8127bb\" data-element_type=\"widget\" data-widget_type=\"heading.default\">\n\t\t\t\t<div class=\"elementor-widget-container\">\n\t\t\t<style>\/*! elementor - v3.17.0 - 08-11-2023 *\/\n.elementor-heading-title{padding:0;margin:0;line-height:1}.elementor-widget-heading .elementor-heading-title[class*=elementor-size-]>a{color:inherit;font-size:inherit;line-height:inherit}.elementor-widget-heading .elementor-heading-title.elementor-size-small{font-size:15px}.elementor-widget-heading .elementor-heading-title.elementor-size-medium{font-size:19px}.elementor-widget-heading .elementor-heading-title.elementor-size-large{font-size:29px}.elementor-widget-heading .elementor-heading-title.elementor-size-xl{font-size:39px}.elementor-widget-heading .elementor-heading-title.elementor-size-xxl{font-size:59px}<\/style><h2 class=\"elementor-heading-title elementor-size-default\">Our clients<\/h2>\t\t<\/div>\n\t\t\t\t<\/div>\n\t\t\t\t\t<\/div>\n\t\t\t\t<\/div>\n\t\t\t\t<div class=\"elementor-element elementor-element-68d90ba7 elementor-widget elementor-widget-spacer\" data-id=\"68d90ba7\" data-element_type=\"widget\" data-widget_type=\"spacer.default\">\n\t\t\t\t<div class=\"elementor-widget-container\">\n\t\t\t<style>\/*! elementor - v3.17.0 - 08-11-2023 *\/\n.elementor-column .elementor-spacer-inner{height:var(--spacer-size)}.e-con{--container-widget-width:100%}.e-con-inner>.elementor-widget-spacer,.e-con>.elementor-widget-spacer{width:var(--container-widget-width,var(--spacer-size));--align-self:var(--container-widget-align-self,initial);--flex-shrink:0}.e-con-inner>.elementor-widget-spacer>.elementor-widget-container,.e-con>.elementor-widget-spacer>.elementor-widget-container{height:100%;width:100%}.e-con-inner>.elementor-widget-spacer>.elementor-widget-container>.elementor-spacer,.e-con>.elementor-widget-spacer>.elementor-widget-container>.elementor-spacer{height:100%}.e-con-inner>.elementor-widget-spacer>.elementor-widget-container>.elementor-spacer>.elementor-spacer-inner,.e-con>.elementor-widget-spacer>.elementor-widget-container>.elementor-spacer>.elementor-spacer-inner{height:var(--container-widget-height,var(--spacer-size))}.e-con-inner>.elementor-widget-spacer.elementor-widget-empty,.e-con>.elementor-widget-spacer.elementor-widget-empty{position:relative;min-height:22px;min-width:22px}.e-con-inner>.elementor-widget-spacer.elementor-widget-empty .elementor-widget-empty-icon,.e-con>.elementor-widget-spacer.elementor-widget-empty .elementor-widget-empty-icon{position:absolute;top:0;bottom:0;left:0;right:0;margin:auto;padding:0;width:22px;height:22px}<\/style>\t\t<div class=\"elementor-spacer\">\n\t\t\t<div class=\"elementor-spacer-inner\"><\/div>\n\t\t<\/div>\n\t\t\t\t<\/div>\n\t\t\t\t<\/div>\n\t\t\t\t\t<\/div>\n\t\t<\/div>\n\t\t\t\t\t\t\t<\/div>\n\t\t<\/section>\n\t\t<div class=\"elementor-element elementor-element-75fe370 e-flex e-con-boxed e-con e-parent\" data-id=\"75fe370\" data-element_type=\"container\" data-settings=\"{&quot;content_width&quot;:&quot;boxed&quot;}\" data-core-v316-plus=\"true\">\n\t\t\t\t\t<div class=\"e-con-inner\">\n\t\t\t\t<div class=\"elementor-element elementor-element-32503b8 elementor-widget elementor-widget-text-editor\" data-id=\"32503b8\" data-element_type=\"widget\" data-widget_type=\"text-editor.default\">\n\t\t\t\t<div class=\"elementor-widget-container\">\n\t\t\t<style>\/*! elementor - v3.17.0 - 08-11-2023 *\/\n.elementor-widget-text-editor.elementor-drop-cap-view-stacked .elementor-drop-cap{background-color:#69727d;color:#fff}.elementor-widget-text-editor.elementor-drop-cap-view-framed .elementor-drop-cap{color:#69727d;border:3px solid;background-color:transparent}.elementor-widget-text-editor:not(.elementor-drop-cap-view-default) .elementor-drop-cap{margin-top:8px}.elementor-widget-text-editor:not(.elementor-drop-cap-view-default) .elementor-drop-cap-letter{width:1em;height:1em}.elementor-widget-text-editor .elementor-drop-cap{float:left;text-align:center;line-height:1;font-size:50px}.elementor-widget-text-editor .elementor-drop-cap-letter{display:inline-block}<\/style>\t\t\t\t<p>Nous accompagnons des entreprises soucieuses d&rsquo;int\u00e9grer des <strong>solutions durables<\/strong> et <strong>innovantes<\/strong> dans leurs processus. Qu&rsquo;ils \u00e9voluent dans l&rsquo;<strong>industrie chimique<\/strong> , la <strong>cosm\u00e9tique<\/strong> , la <strong>pharmacie<\/strong> , ou encore l&rsquo;<strong>agroalimentaire<\/strong>, nos clients partagent une ambition commune : <strong>optimiser leur production<\/strong> tout en r\u00e9duisant leur <strong>impact environnemental<\/strong>.<\/p><p>Gr\u00e2ce \u00e0 une a<strong>pproche sur mesure<\/strong> et une <strong>expertise technique pointue<\/strong>, nous aidons chaque partenaire \u00e0 relever ses d\u00e9fis sp\u00e9cifiques.<\/p>\t\t\t\t\t\t<\/div>\n\t\t\t\t<\/div>\n\t\t\t\t\t<\/div>\n\t\t\t\t<\/div>\n\t\t<div class=\"elementor-element elementor-element-69b28a7 e-flex e-con-boxed e-con e-parent\" data-id=\"69b28a7\" data-element_type=\"container\" data-settings=\"{&quot;content_width&quot;:&quot;boxed&quot;}\" data-core-v316-plus=\"true\">\n\t\t\t\t\t<div class=\"e-con-inner\">\n\t\t<div class=\"elementor-element elementor-element-0637f13 e-con-full e-flex e-con e-child\" data-id=\"0637f13\" data-element_type=\"container\" data-settings=\"{&quot;content_width&quot;:&quot;full&quot;}\">\n\t\t\t\t<div class=\"elementor-element elementor-element-e727926 elementor-widget elementor-widget-image\" data-id=\"e727926\" data-element_type=\"widget\" data-widget_type=\"image.default\">\n\t\t\t\t<div class=\"elementor-widget-container\">\n\t\t\t<style>\/*! elementor - v3.17.0 - 08-11-2023 *\/\n.elementor-widget-image{text-align:center}.elementor-widget-image a{display:inline-block}.elementor-widget-image a img[src$=\".svg\"]{width:48px}.elementor-widget-image img{vertical-align:middle;display:inline-block}<\/style>\t\t\t\t\t\t\t\t\t\t\t\t<img fetchpriority=\"high\" decoding=\"async\" width=\"1024\" height=\"418\" src=\"https:\/\/co2engineering.com\/wp-content\/uploads\/2025\/02\/VEOLIA_HD-1024x418.png\" class=\"attachment-large size-large wp-image-1159\" alt=\"Logo de la Marque V\u00e9olia, client de CO2 Engineering\" srcset=\"https:\/\/co2engineering.com\/wp-content\/uploads\/2025\/02\/VEOLIA_HD-1024x418.png 1024w, https:\/\/co2engineering.com\/wp-content\/uploads\/2025\/02\/VEOLIA_HD-300x122.png 300w, https:\/\/co2engineering.com\/wp-content\/uploads\/2025\/02\/VEOLIA_HD-768x313.png 768w, https:\/\/co2engineering.com\/wp-content\/uploads\/2025\/02\/VEOLIA_HD-1536x627.png 1536w, https:\/\/co2engineering.com\/wp-content\/uploads\/2025\/02\/VEOLIA_HD-2048x836.png 2048w, https:\/\/co2engineering.com\/wp-content\/uploads\/2025\/02\/VEOLIA_HD-18x7.png 18w\" sizes=\"(max-width: 1024px) 100vw, 1024px\" \/>\t\t\t\t\t\t\t\t\t\t\t\t\t\t\t<\/div>\n\t\t\t\t<\/div>\n\t\t\t\t<\/div>\n\t\t<div class=\"elementor-element elementor-element-1cb3cae e-con-full e-flex e-con e-child\" data-id=\"1cb3cae\" data-element_type=\"container\" data-settings=\"{&quot;content_width&quot;:&quot;full&quot;}\">\n\t\t\t\t<div class=\"elementor-element elementor-element-3149a2d elementor-widget elementor-widget-image\" data-id=\"3149a2d\" data-element_type=\"widget\" data-widget_type=\"image.default\">\n\t\t\t\t<div class=\"elementor-widget-container\">\n\t\t\t\t\t\t\t\t\t\t\t\t\t\t\t<img decoding=\"async\" width=\"561\" height=\"295\" src=\"https:\/\/co2engineering.com\/wp-content\/uploads\/2025\/02\/logo_eurovia-e1740565226482.png\" class=\"attachment-medium_large size-medium_large wp-image-1162\" alt=\"Logo de la Marque Eurovia Vinci, client de CO2 Engineering\" srcset=\"https:\/\/co2engineering.com\/wp-content\/uploads\/2025\/02\/logo_eurovia-e1740565226482.png 561w, https:\/\/co2engineering.com\/wp-content\/uploads\/2025\/02\/logo_eurovia-e1740565226482-300x158.png 300w, https:\/\/co2engineering.com\/wp-content\/uploads\/2025\/02\/logo_eurovia-e1740565226482-18x9.png 18w\" sizes=\"(max-width: 561px) 100vw, 561px\" \/>\t\t\t\t\t\t\t\t\t\t\t\t\t\t\t<\/div>\n\t\t\t\t<\/div>\n\t\t\t\t<\/div>\n\t\t<div class=\"elementor-element elementor-element-85385d3 e-con-full e-flex e-con e-child\" data-id=\"85385d3\" data-element_type=\"container\" data-settings=\"{&quot;content_width&quot;:&quot;full&quot;}\">\n\t\t\t\t<div class=\"elementor-element elementor-element-ec88f68 elementor-widget elementor-widget-image\" data-id=\"ec88f68\" data-element_type=\"widget\" data-widget_type=\"image.default\">\n\t\t\t\t<div class=\"elementor-widget-container\">\n\t\t\t\t\t\t\t\t\t\t\t\t\t\t\t<img decoding=\"async\" width=\"700\" height=\"240\" src=\"https:\/\/co2engineering.com\/wp-content\/uploads\/2025\/02\/Logo_Groupe_Gazechim.jpg\" class=\"attachment-large size-large wp-image-1156\" alt=\"Logo de la Marque Gazechim, client de CO2 Engineering\" srcset=\"https:\/\/co2engineering.com\/wp-content\/uploads\/2025\/02\/Logo_Groupe_Gazechim.jpg 700w, https:\/\/co2engineering.com\/wp-content\/uploads\/2025\/02\/Logo_Groupe_Gazechim-300x103.jpg 300w, https:\/\/co2engineering.com\/wp-content\/uploads\/2025\/02\/Logo_Groupe_Gazechim-18x6.jpg 18w\" sizes=\"(max-width: 700px) 100vw, 700px\" \/>\t\t\t\t\t\t\t\t\t\t\t\t\t\t\t<\/div>\n\t\t\t\t<\/div>\n\t\t\t\t<\/div>\n\t\t<div class=\"elementor-element elementor-element-861a723 e-con-full e-flex e-con e-child\" data-id=\"861a723\" data-element_type=\"container\" data-settings=\"{&quot;content_width&quot;:&quot;full&quot;}\">\n\t\t\t\t<div class=\"elementor-element elementor-element-a0c9013 elementor-widget elementor-widget-image\" data-id=\"a0c9013\" data-element_type=\"widget\" data-widget_type=\"image.default\">\n\t\t\t\t<div class=\"elementor-widget-container\">\n\t\t\t\t\t\t\t\t\t\t\t\t\t\t\t<img loading=\"lazy\" decoding=\"async\" width=\"393\" height=\"128\" src=\"https:\/\/co2engineering.com\/wp-content\/uploads\/2025\/02\/images.png\" class=\"attachment-large size-large wp-image-1161\" alt=\"Logo de la Marque Artelia, client de CO2 Engineering\" srcset=\"https:\/\/co2engineering.com\/wp-content\/uploads\/2025\/02\/images.png 393w, https:\/\/co2engineering.com\/wp-content\/uploads\/2025\/02\/images-300x98.png 300w, https:\/\/co2engineering.com\/wp-content\/uploads\/2025\/02\/images-18x6.png 18w\" sizes=\"(max-width: 393px) 100vw, 393px\" \/>\t\t\t\t\t\t\t\t\t\t\t\t\t\t\t<\/div>\n\t\t\t\t<\/div>\n\t\t\t\t<\/div>\n\t\t<div class=\"elementor-element elementor-element-36630e6 e-con-full e-flex e-con e-child\" data-id=\"36630e6\" data-element_type=\"container\" data-settings=\"{&quot;content_width&quot;:&quot;full&quot;}\">\n\t\t\t\t<div class=\"elementor-element elementor-element-94b7d24 elementor-widget elementor-widget-image\" data-id=\"94b7d24\" data-element_type=\"widget\" data-widget_type=\"image.default\">\n\t\t\t\t<div class=\"elementor-widget-container\">\n\t\t\t\t\t\t\t\t\t\t\t\t\t\t\t<img loading=\"lazy\" decoding=\"async\" width=\"1014\" height=\"274\" src=\"https:\/\/co2engineering.com\/wp-content\/uploads\/2025\/02\/LOGO_13.jpg\" class=\"attachment-large size-large wp-image-1155\" alt=\"Logo de la Marque Holcim, client de CO2 Engineering\" srcset=\"https:\/\/co2engineering.com\/wp-content\/uploads\/2025\/02\/LOGO_13.jpg 1014w, https:\/\/co2engineering.com\/wp-content\/uploads\/2025\/02\/LOGO_13-300x81.jpg 300w, https:\/\/co2engineering.com\/wp-content\/uploads\/2025\/02\/LOGO_13-768x208.jpg 768w, https:\/\/co2engineering.com\/wp-content\/uploads\/2025\/02\/LOGO_13-18x5.jpg 18w\" sizes=\"(max-width: 1014px) 100vw, 1014px\" \/>\t\t\t\t\t\t\t\t\t\t\t\t\t\t\t<\/div>\n\t\t\t\t<\/div>\n\t\t\t\t<\/div>\n\t\t<div class=\"elementor-element elementor-element-1d96155 e-con-full e-flex e-con e-child\" data-id=\"1d96155\" data-element_type=\"container\" data-settings=\"{&quot;content_width&quot;:&quot;full&quot;}\">\n\t\t\t\t<div class=\"elementor-element elementor-element-115bda6 elementor-widget elementor-widget-image\" data-id=\"115bda6\" data-element_type=\"widget\" data-widget_type=\"image.default\">\n\t\t\t\t<div class=\"elementor-widget-container\">\n\t\t\t\t\t\t\t\t\t\t\t\t\t\t\t<img loading=\"lazy\" decoding=\"async\" width=\"1024\" height=\"186\" src=\"https:\/\/co2engineering.com\/wp-content\/uploads\/2025\/02\/1200px-LOreal_logo.svg_-1024x186.png\" class=\"attachment-large size-large wp-image-1158\" alt=\"Logo de la Marque L&#039;or\u00e9al, client de CO2 Engineering\" srcset=\"https:\/\/co2engineering.com\/wp-content\/uploads\/2025\/02\/1200px-LOreal_logo.svg_-1024x186.png 1024w, https:\/\/co2engineering.com\/wp-content\/uploads\/2025\/02\/1200px-LOreal_logo.svg_-300x55.png 300w, https:\/\/co2engineering.com\/wp-content\/uploads\/2025\/02\/1200px-LOreal_logo.svg_-768x140.png 768w, https:\/\/co2engineering.com\/wp-content\/uploads\/2025\/02\/1200px-LOreal_logo.svg_-18x3.png 18w, https:\/\/co2engineering.com\/wp-content\/uploads\/2025\/02\/1200px-LOreal_logo.svg_.png 1200w\" sizes=\"(max-width: 1024px) 100vw, 1024px\" \/>\t\t\t\t\t\t\t\t\t\t\t\t\t\t\t<\/div>\n\t\t\t\t<\/div>\n\t\t\t\t<\/div>\n\t\t\t\t\t<\/div>\n\t\t\t\t<\/div>\n\t\t<div class=\"elementor-element elementor-element-09d37ff e-flex e-con-boxed e-con e-parent\" data-id=\"09d37ff\" data-element_type=\"container\" data-settings=\"{&quot;content_width&quot;:&quot;boxed&quot;}\" data-core-v316-plus=\"true\">\n\t\t\t\t\t<div class=\"e-con-inner\">\n\t\t<div class=\"elementor-element elementor-element-5d91398 e-con-full e-flex e-con e-child\" data-id=\"5d91398\" data-element_type=\"container\" data-settings=\"{&quot;content_width&quot;:&quot;full&quot;}\">\n\t\t\t\t<div class=\"elementor-element elementor-element-da10c39 elementor-widget elementor-widget-image\" data-id=\"da10c39\" data-element_type=\"widget\" data-widget_type=\"image.default\">\n\t\t\t\t<div class=\"elementor-widget-container\">\n\t\t\t\t\t\t\t\t\t\t\t\t\t\t\t<img loading=\"lazy\" decoding=\"async\" width=\"697\" height=\"195\" src=\"https:\/\/co2engineering.com\/wp-content\/uploads\/2025\/02\/logo-irtm2p@2x.png\" class=\"attachment-large size-large wp-image-1163\" alt=\"Logo de la Marque M2P, client de CO2 Engineering\" srcset=\"https:\/\/co2engineering.com\/wp-content\/uploads\/2025\/02\/logo-irtm2p@2x.png 697w, https:\/\/co2engineering.com\/wp-content\/uploads\/2025\/02\/logo-irtm2p@2x-300x84.png 300w, https:\/\/co2engineering.com\/wp-content\/uploads\/2025\/02\/logo-irtm2p@2x-18x5.png 18w\" sizes=\"(max-width: 697px) 100vw, 697px\" \/>\t\t\t\t\t\t\t\t\t\t\t\t\t\t\t<\/div>\n\t\t\t\t<\/div>\n\t\t\t\t<\/div>\n\t\t<div class=\"elementor-element elementor-element-78feb05 e-con-full e-flex e-con e-child\" data-id=\"78feb05\" data-element_type=\"container\" data-settings=\"{&quot;content_width&quot;:&quot;full&quot;}\">\n\t\t\t\t<div class=\"elementor-element elementor-element-c4dbeab elementor-widget elementor-widget-image\" data-id=\"c4dbeab\" data-element_type=\"widget\" data-widget_type=\"image.default\">\n\t\t\t\t<div class=\"elementor-widget-container\">\n\t\t\t\t\t\t\t\t\t\t\t\t\t\t\t<img loading=\"lazy\" decoding=\"async\" width=\"355\" height=\"142\" src=\"https:\/\/co2engineering.com\/wp-content\/uploads\/2025\/02\/images-1.png\" class=\"attachment-large size-large wp-image-1160\" alt=\"Logo de la Marque DRT, client de CO2 Engineering\" srcset=\"https:\/\/co2engineering.com\/wp-content\/uploads\/2025\/02\/images-1.png 355w, https:\/\/co2engineering.com\/wp-content\/uploads\/2025\/02\/images-1-300x120.png 300w, https:\/\/co2engineering.com\/wp-content\/uploads\/2025\/02\/images-1-18x7.png 18w\" sizes=\"(max-width: 355px) 100vw, 355px\" \/>\t\t\t\t\t\t\t\t\t\t\t\t\t\t\t<\/div>\n\t\t\t\t<\/div>\n\t\t\t\t<\/div>\n\t\t<div class=\"elementor-element elementor-element-70ce351 e-con-full e-flex e-con e-child\" data-id=\"70ce351\" data-element_type=\"container\" data-settings=\"{&quot;content_width&quot;:&quot;full&quot;}\">\n\t\t\t\t<div class=\"elementor-element elementor-element-fd50092 elementor-widget elementor-widget-image\" data-id=\"fd50092\" data-element_type=\"widget\" data-widget_type=\"image.default\">\n\t\t\t\t<div class=\"elementor-widget-container\">\n\t\t\t\t\t\t\t\t\t\t\t\t\t\t\t<img loading=\"lazy\" decoding=\"async\" width=\"150\" height=\"150\" src=\"https:\/\/co2engineering.com\/wp-content\/uploads\/2025\/06\/3da0c91e390889b85b2727d90f0195dd-lg_sm-150x150.jpg\" class=\"attachment-thumbnail size-thumbnail wp-image-1362\" alt=\"\" srcset=\"https:\/\/co2engineering.com\/wp-content\/uploads\/2025\/06\/3da0c91e390889b85b2727d90f0195dd-lg_sm-150x150.jpg 150w, https:\/\/co2engineering.com\/wp-content\/uploads\/2025\/06\/3da0c91e390889b85b2727d90f0195dd-lg_sm-298x300.jpg 298w, https:\/\/co2engineering.com\/wp-content\/uploads\/2025\/06\/3da0c91e390889b85b2727d90f0195dd-lg_sm-12x12.jpg 12w, https:\/\/co2engineering.com\/wp-content\/uploads\/2025\/06\/3da0c91e390889b85b2727d90f0195dd-lg_sm.jpg 576w\" sizes=\"(max-width: 150px) 100vw, 150px\" \/>\t\t\t\t\t\t\t\t\t\t\t\t\t\t\t<\/div>\n\t\t\t\t<\/div>\n\t\t\t\t<\/div>\n\t\t<div class=\"elementor-element elementor-element-531484e e-con-full e-flex e-con e-child\" data-id=\"531484e\" data-element_type=\"container\" data-settings=\"{&quot;content_width&quot;:&quot;full&quot;}\">\n\t\t\t\t<div class=\"elementor-element elementor-element-558b950 elementor-widget__width-initial elementor-widget elementor-widget-image\" data-id=\"558b950\" data-element_type=\"widget\" data-widget_type=\"image.default\">\n\t\t\t\t<div class=\"elementor-widget-container\">\n\t\t\t\t\t\t\t\t\t\t\t\t\t\t\t<img loading=\"lazy\" decoding=\"async\" width=\"1024\" height=\"1024\" src=\"https:\/\/co2engineering.com\/wp-content\/uploads\/2025\/02\/Logo-ORANO-1024x1024.jpg\" class=\"attachment-large size-large wp-image-1157\" alt=\"Logo de la Marque Orano, client de CO2 Engineering\" srcset=\"https:\/\/co2engineering.com\/wp-content\/uploads\/2025\/02\/Logo-ORANO-1024x1024.jpg 1024w, https:\/\/co2engineering.com\/wp-content\/uploads\/2025\/02\/Logo-ORANO-e1740565417514-150x150.jpg 150w, https:\/\/co2engineering.com\/wp-content\/uploads\/2025\/02\/Logo-ORANO-e1740565417514-12x12.jpg 12w, https:\/\/co2engineering.com\/wp-content\/uploads\/2025\/02\/Logo-ORANO-e1740565417514-600x600.jpg 600w\" sizes=\"(max-width: 1024px) 100vw, 1024px\" \/>\t\t\t\t\t\t\t\t\t\t\t\t\t\t\t<\/div>\n\t\t\t\t<\/div>\n\t\t\t\t<\/div>\n\t\t\t\t\t<\/div>\n\t\t\t\t<\/div>\n\t\t\t\t\t\t\t<\/div>","protected":false},"excerpt":{"rendered":"<p>Nos clients Nous accompagnons des entreprises soucieuses d&rsquo;int\u00e9grer des solutions durables et innovantes dans leurs processus. Qu&rsquo;ils \u00e9voluent dans l&rsquo;industrie chimique , la cosm\u00e9tique , la pharmacie , ou encore l&rsquo;agroalimentaire, nos clients partagent une ambition commune : optimiser leur production tout en r\u00e9duisant leur impact environnemental. Gr\u00e2ce \u00e0 une approche sur mesure et une [&hellip;]<\/p>","protected":false},"author":3,"featured_media":0,"parent":0,"menu_order":0,"comment_status":"closed","ping_status":"closed","template":"","meta":{"om_disable_all_campaigns":false,"_monsterinsights_skip_tracking":false,"_monsterinsights_sitenote_active":false,"_monsterinsights_sitenote_note":"","_monsterinsights_sitenote_category":0,"_uf_show_specific_survey":0,"_uf_disable_surveys":false,"footnotes":""},"class_list":["post-894","page","type-page","status-publish","hentry","entry"],"aioseo_notices":[],"_links":{"self":[{"href":"https:\/\/co2engineering.com\/en\/wp-json\/wp\/v2\/pages\/894","targetHints":{"allow":["GET"]}}],"collection":[{"href":"https:\/\/co2engineering.com\/en\/wp-json\/wp\/v2\/pages"}],"about":[{"href":"https:\/\/co2engineering.com\/en\/wp-json\/wp\/v2\/types\/page"}],"author":[{"embeddable":true,"href":"https:\/\/co2engineering.com\/en\/wp-json\/wp\/v2\/users\/3"}],"replies":[{"embeddable":true,"href":"https:\/\/co2engineering.com\/en\/wp-json\/wp\/v2\/comments?post=894"}],"version-history":[{"count":43,"href":"https:\/\/co2engineering.com\/en\/wp-json\/wp\/v2\/pages\/894\/revisions"}],"predecessor-version":[{"id":1847,"href":"https:\/\/co2engineering.com\/en\/wp-json\/wp\/v2\/pages\/894\/revisions\/1847"}],"wp:attachment":[{"href":"https:\/\/co2engineering.com\/en\/wp-json\/wp\/v2\/media?parent=894"}],"curies":[{"name":"wp","href":"https:\/\/api.w.org\/{rel}","templated":true}]}}