{"id":1396,"date":"2025-12-10T23:58:16","date_gmt":"2025-12-10T22:58:16","guid":{"rendered":"https:\/\/wceprocess.com\/?page_id=1396"},"modified":"2025-12-10T23:58:27","modified_gmt":"2025-12-10T22:58:27","slug":"distillation-de-gaz-a-froid-gazechim","status":"publish","type":"page","link":"https:\/\/co2engineering.com\/en\/distillation-de-gaz-a-froid-gazechim\/","title":{"rendered":"Distillation de gaz \u00e0 froid &#8211; Gazechim"},"content":{"rendered":"<div data-elementor-type=\"wp-page\" data-elementor-id=\"1396\" class=\"elementor elementor-1396\">\n\t\t\t\t\t\t\t<div class=\"elementor-element elementor-element-4afc678 e-flex e-con-boxed e-con e-parent\" data-id=\"4afc678\" data-element_type=\"container\" data-settings=\"{&quot;content_width&quot;:&quot;boxed&quot;}\" data-core-v316-plus=\"true\">\n\t\t\t\t\t<div class=\"e-con-inner\">\n\t\t\t\t<div class=\"elementor-element elementor-element-a62c033 elementor-widget elementor-widget-spacer\" data-id=\"a62c033\" data-element_type=\"widget\" data-widget_type=\"spacer.default\">\n\t\t\t\t<div class=\"elementor-widget-container\">\n\t\t\t<style>\/*! elementor - v3.17.0 - 08-11-2023 *\/\n.elementor-column .elementor-spacer-inner{height:var(--spacer-size)}.e-con{--container-widget-width:100%}.e-con-inner>.elementor-widget-spacer,.e-con>.elementor-widget-spacer{width:var(--container-widget-width,var(--spacer-size));--align-self:var(--container-widget-align-self,initial);--flex-shrink:0}.e-con-inner>.elementor-widget-spacer>.elementor-widget-container,.e-con>.elementor-widget-spacer>.elementor-widget-container{height:100%;width:100%}.e-con-inner>.elementor-widget-spacer>.elementor-widget-container>.elementor-spacer,.e-con>.elementor-widget-spacer>.elementor-widget-container>.elementor-spacer{height:100%}.e-con-inner>.elementor-widget-spacer>.elementor-widget-container>.elementor-spacer>.elementor-spacer-inner,.e-con>.elementor-widget-spacer>.elementor-widget-container>.elementor-spacer>.elementor-spacer-inner{height:var(--container-widget-height,var(--spacer-size))}.e-con-inner>.elementor-widget-spacer.elementor-widget-empty,.e-con>.elementor-widget-spacer.elementor-widget-empty{position:relative;min-height:22px;min-width:22px}.e-con-inner>.elementor-widget-spacer.elementor-widget-empty .elementor-widget-empty-icon,.e-con>.elementor-widget-spacer.elementor-widget-empty .elementor-widget-empty-icon{position:absolute;top:0;bottom:0;left:0;right:0;margin:auto;padding:0;width:22px;height:22px}<\/style>\t\t<div class=\"elementor-spacer\">\n\t\t\t<div class=\"elementor-spacer-inner\"><\/div>\n\t\t<\/div>\n\t\t\t\t<\/div>\n\t\t\t\t<\/div>\n\t\t\t\t\t<\/div>\n\t\t\t\t<\/div>\n\t\t<div class=\"elementor-element elementor-element-36f6e37 e-flex e-con-boxed e-con e-parent\" data-id=\"36f6e37\" data-element_type=\"container\" data-settings=\"{&quot;content_width&quot;:&quot;boxed&quot;}\" data-core-v316-plus=\"true\">\n\t\t\t\t\t<div class=\"e-con-inner\">\n\t\t\t\t<div class=\"elementor-element elementor-element-12d45eed elementor-widget elementor-widget-spacer\" data-id=\"12d45eed\" data-element_type=\"widget\" data-widget_type=\"spacer.default\">\n\t\t\t\t<div class=\"elementor-widget-container\">\n\t\t\t\t\t<div class=\"elementor-spacer\">\n\t\t\t<div class=\"elementor-spacer-inner\"><\/div>\n\t\t<\/div>\n\t\t\t\t<\/div>\n\t\t\t\t<\/div>\n\t\t<div class=\"elementor-element elementor-element-6fa959bd e-flex e-con-boxed e-con e-child\" data-id=\"6fa959bd\" data-element_type=\"container\" data-settings=\"{&quot;background_background&quot;:&quot;classic&quot;,&quot;content_width&quot;:&quot;boxed&quot;}\">\n\t\t\t\t\t<div class=\"e-con-inner\">\n\t\t<div class=\"elementor-element elementor-element-777a5005 e-flex e-con-boxed e-con e-child\" data-id=\"777a5005\" data-element_type=\"container\" data-settings=\"{&quot;content_width&quot;:&quot;boxed&quot;}\">\n\t\t\t\t\t<div class=\"e-con-inner\">\n\t\t\t\t<div class=\"elementor-element elementor-element-3ff3d69e elementor-widget elementor-widget-heading\" data-id=\"3ff3d69e\" data-element_type=\"widget\" data-widget_type=\"heading.default\">\n\t\t\t\t<div class=\"elementor-widget-container\">\n\t\t\t<style>\/*! elementor - v3.17.0 - 08-11-2023 *\/\n.elementor-heading-title{padding:0;margin:0;line-height:1}.elementor-widget-heading .elementor-heading-title[class*=elementor-size-]>a{color:inherit;font-size:inherit;line-height:inherit}.elementor-widget-heading .elementor-heading-title.elementor-size-small{font-size:15px}.elementor-widget-heading .elementor-heading-title.elementor-size-medium{font-size:19px}.elementor-widget-heading .elementor-heading-title.elementor-size-large{font-size:29px}.elementor-widget-heading .elementor-heading-title.elementor-size-xl{font-size:39px}.elementor-widget-heading .elementor-heading-title.elementor-size-xxl{font-size:59px}<\/style><h2 class=\"elementor-heading-title elementor-size-default\">Distillation de gaz \u00e0 froid Gazechim<\/h2>\t\t<\/div>\n\t\t\t\t<\/div>\n\t\t\t\t\t<\/div>\n\t\t\t\t<\/div>\n\t\t\t\t\t<\/div>\n\t\t\t\t<\/div>\n\t\t\t\t\t<\/div>\n\t\t\t\t<\/div>\n\t\t<div class=\"elementor-element elementor-element-6bed409b e-flex e-con-boxed e-con e-parent\" data-id=\"6bed409b\" data-element_type=\"container\" data-settings=\"{&quot;content_width&quot;:&quot;boxed&quot;}\" data-core-v316-plus=\"true\">\n\t\t\t\t\t<div class=\"e-con-inner\">\n\t\t\t\t<div class=\"elementor-element elementor-element-6fda499a elementor-widget elementor-widget-spacer\" data-id=\"6fda499a\" data-element_type=\"widget\" data-widget_type=\"spacer.default\">\n\t\t\t\t<div class=\"elementor-widget-container\">\n\t\t\t\t\t<div class=\"elementor-spacer\">\n\t\t\t<div class=\"elementor-spacer-inner\"><\/div>\n\t\t<\/div>\n\t\t\t\t<\/div>\n\t\t\t\t<\/div>\n\t\t\t\t\t<\/div>\n\t\t\t\t<\/div>\n\t\t<div class=\"elementor-element elementor-element-41d2f856 e-flex e-con-boxed e-con e-parent\" data-id=\"41d2f856\" data-element_type=\"container\" data-settings=\"{&quot;content_width&quot;:&quot;boxed&quot;}\" data-core-v316-plus=\"true\">\n\t\t\t\t\t<div class=\"e-con-inner\">\n\t\t<div class=\"elementor-element elementor-element-1273e7a8 e-con-full e-flex e-con e-child\" data-id=\"1273e7a8\" data-element_type=\"container\" data-settings=\"{&quot;content_width&quot;:&quot;full&quot;}\">\n\t\t<div class=\"elementor-element elementor-element-50b3e5b0 e-flex e-con-boxed e-con e-child\" data-id=\"50b3e5b0\" data-element_type=\"container\" data-settings=\"{&quot;content_width&quot;:&quot;boxed&quot;}\">\n\t\t\t\t\t<div class=\"e-con-inner\">\n\t\t\t\t<div class=\"elementor-element elementor-element-53c2cd0c elementor-widget elementor-widget-text-editor\" data-id=\"53c2cd0c\" data-element_type=\"widget\" data-widget_type=\"text-editor.default\">\n\t\t\t\t<div class=\"elementor-widget-container\">\n\t\t\t<style>\/*! elementor - v3.17.0 - 08-11-2023 *\/\n.elementor-widget-text-editor.elementor-drop-cap-view-stacked .elementor-drop-cap{background-color:#69727d;color:#fff}.elementor-widget-text-editor.elementor-drop-cap-view-framed .elementor-drop-cap{color:#69727d;border:3px solid;background-color:transparent}.elementor-widget-text-editor:not(.elementor-drop-cap-view-default) .elementor-drop-cap{margin-top:8px}.elementor-widget-text-editor:not(.elementor-drop-cap-view-default) .elementor-drop-cap-letter{width:1em;height:1em}.elementor-widget-text-editor .elementor-drop-cap{float:left;text-align:center;line-height:1;font-size:50px}.elementor-widget-text-editor .elementor-drop-cap-letter{display:inline-block}<\/style>\t\t\t\t<div><p><u><b>Description :<\/b><\/u> bas\u00e9 \u00e0 B\u00e9ziers, groupe industriel fran\u00e7ais sp\u00e9cialis\u00e9 dans la distribution de gaz, fluides frigorig\u00e8nes et mat\u00e9riaux composites<\/p><\/div><div><p><u><b>Solution d\u00e9ploy\u00e9e :<\/b><\/u> conception et mise en service d\u2019une colonne \u00e0 distiller pour le traitement de gaz frigorifiques<\/p><\/div><div><p><u><b>B\u00e9n\u00e9fices :<\/b><\/u> r\u00e9duction empreinte carbone -2000T\/an d\u2019\u00e9mission<\/p><\/div><div><p><b><u>Mise en service :<\/u><\/b>Mars 2025<\/p><\/div><p><span style=\"text-decoration: underline;\"><strong>Retour sur investissement :<\/strong><\/span> &lt; 2 ans<\/p><p><span style=\"text-decoration: underline;\"><strong>Budget :<\/strong><\/span> &lt; 1,5M\u20ac<\/p>\t\t\t\t\t\t<\/div>\n\t\t\t\t<\/div>\n\t\t\t\t\t<\/div>\n\t\t\t\t<\/div>\n\t\t\t\t<div class=\"elementor-element elementor-element-657d623e elementor-align-center elementor-widget elementor-widget-button\" data-id=\"657d623e\" data-element_type=\"widget\" data-widget_type=\"button.default\">\n\t\t\t\t<div class=\"elementor-widget-container\">\n\t\t\t\t\t<div class=\"elementor-button-wrapper\">\n\t\t\t<a class=\"elementor-button elementor-button-link elementor-size-sm\" href=\"https:\/\/wceprocess.com\/contact\/\">\n\t\t\t\t\t\t<span class=\"elementor-button-content-wrapper\">\n\t\t\t\t\t\t<span class=\"elementor-button-text\">Sollicitez nous pour une pr\u00e9-\u00e9tude<\/span>\n\t\t<\/span>\n\t\t\t\t\t<\/a>\n\t\t<\/div>\n\t\t\t\t<\/div>\n\t\t\t\t<\/div>\n\t\t\t\t<\/div>\n\t\t<div class=\"elementor-element elementor-element-abd2fc1 e-con-full e-flex e-con e-child\" data-id=\"abd2fc1\" data-element_type=\"container\" data-settings=\"{&quot;content_width&quot;:&quot;full&quot;}\">\n\t\t<div class=\"elementor-element elementor-element-78e565ca e-flex e-con-boxed e-con e-child\" data-id=\"78e565ca\" data-element_type=\"container\" data-settings=\"{&quot;content_width&quot;:&quot;boxed&quot;}\">\n\t\t\t\t\t<div class=\"e-con-inner\">\n\t\t\t\t<div class=\"elementor-element elementor-element-f6d2327 elementor-widget elementor-widget-image\" data-id=\"f6d2327\" data-element_type=\"widget\" data-widget_type=\"image.default\">\n\t\t\t\t<div class=\"elementor-widget-container\">\n\t\t\t<style>\/*! elementor - v3.17.0 - 08-11-2023 *\/\n.elementor-widget-image{text-align:center}.elementor-widget-image a{display:inline-block}.elementor-widget-image a img[src$=\".svg\"]{width:48px}.elementor-widget-image img{vertical-align:middle;display:inline-block}<\/style>\t\t\t\t\t\t\t\t\t\t\t\t<img fetchpriority=\"high\" decoding=\"async\" width=\"1015\" height=\"1024\" src=\"https:\/\/co2engineering.com\/wp-content\/uploads\/2025\/09\/IMG202sd40726130545-1-1015x1024.jpg\" class=\"attachment-large size-large wp-image-1418\" alt=\"\" srcset=\"https:\/\/co2engineering.com\/wp-content\/uploads\/2025\/09\/IMG202sd40726130545-1-1015x1024.jpg 1015w, https:\/\/co2engineering.com\/wp-content\/uploads\/2025\/09\/IMG202sd40726130545-1-297x300.jpg 297w, https:\/\/co2engineering.com\/wp-content\/uploads\/2025\/09\/IMG202sd40726130545-1-150x150.jpg 150w, https:\/\/co2engineering.com\/wp-content\/uploads\/2025\/09\/IMG202sd40726130545-1-768x775.jpg 768w, https:\/\/co2engineering.com\/wp-content\/uploads\/2025\/09\/IMG202sd40726130545-1-1522x1536.jpg 1522w, https:\/\/co2engineering.com\/wp-content\/uploads\/2025\/09\/IMG202sd40726130545-1-2030x2048.jpg 2030w, https:\/\/co2engineering.com\/wp-content\/uploads\/2025\/09\/IMG202sd40726130545-1-12x12.jpg 12w\" sizes=\"(max-width: 1015px) 100vw, 1015px\" \/>\t\t\t\t\t\t\t\t\t\t\t\t\t\t\t<\/div>\n\t\t\t\t<\/div>\n\t\t\t\t\t<\/div>\n\t\t\t\t<\/div>\n\t\t\t\t<\/div>\n\t\t\t\t\t<\/div>\n\t\t\t\t<\/div>\n\t\t<div class=\"elementor-element elementor-element-63629cd3 e-flex e-con-boxed e-con e-parent\" data-id=\"63629cd3\" data-element_type=\"container\" data-settings=\"{&quot;background_background&quot;:&quot;classic&quot;,&quot;content_width&quot;:&quot;boxed&quot;}\" data-core-v316-plus=\"true\">\n\t\t\t\t\t<div class=\"e-con-inner\">\n\t\t<div class=\"elementor-element elementor-element-6f838e66 e-con-full e-flex e-con e-child\" data-id=\"6f838e66\" data-element_type=\"container\" data-settings=\"{&quot;content_width&quot;:&quot;full&quot;}\">\n\t\t\t\t<div class=\"elementor-element elementor-element-1fcef494 elementor-widget elementor-widget-image\" data-id=\"1fcef494\" data-element_type=\"widget\" data-widget_type=\"image.default\">\n\t\t\t\t<div class=\"elementor-widget-container\">\n\t\t\t\t\t\t\t\t\t\t\t\t\t\t\t<img decoding=\"async\" width=\"683\" height=\"1024\" src=\"https:\/\/co2engineering.com\/wp-content\/uploads\/2025\/09\/IMG20240710121751-683x1024.jpg\" class=\"attachment-large size-large wp-image-1637\" alt=\"\" srcset=\"https:\/\/co2engineering.com\/wp-content\/uploads\/2025\/09\/IMG20240710121751-683x1024.jpg 683w, https:\/\/co2engineering.com\/wp-content\/uploads\/2025\/09\/IMG20240710121751-200x300.jpg 200w, https:\/\/co2engineering.com\/wp-content\/uploads\/2025\/09\/IMG20240710121751-768x1151.jpg 768w, https:\/\/co2engineering.com\/wp-content\/uploads\/2025\/09\/IMG20240710121751-1025x1536.jpg 1025w, https:\/\/co2engineering.com\/wp-content\/uploads\/2025\/09\/IMG20240710121751-1366x2048.jpg 1366w, https:\/\/co2engineering.com\/wp-content\/uploads\/2025\/09\/IMG20240710121751-8x12.jpg 8w, https:\/\/co2engineering.com\/wp-content\/uploads\/2025\/09\/IMG20240710121751-scaled.jpg 1708w\" sizes=\"(max-width: 683px) 100vw, 683px\" \/>\t\t\t\t\t\t\t\t\t\t\t\t\t\t\t<\/div>\n\t\t\t\t<\/div>\n\t\t\t\t<\/div>\n\t\t<div class=\"elementor-element elementor-element-6a46820f e-con-full e-flex e-con e-child\" data-id=\"6a46820f\" data-element_type=\"container\" data-settings=\"{&quot;content_width&quot;:&quot;full&quot;}\">\n\t\t\t\t<div class=\"elementor-element elementor-element-6cc1fd2b elementor-widget elementor-widget-image\" data-id=\"6cc1fd2b\" data-element_type=\"widget\" data-widget_type=\"image.default\">\n\t\t\t\t<div class=\"elementor-widget-container\">\n\t\t\t\t\t\t\t\t\t\t\t\t\t\t\t<img decoding=\"async\" width=\"768\" height=\"1024\" src=\"https:\/\/co2engineering.com\/wp-content\/uploads\/2025\/09\/IMG20240709084513-1-768x1024.jpg\" class=\"attachment-large size-large wp-image-1405\" alt=\"\" srcset=\"https:\/\/co2engineering.com\/wp-content\/uploads\/2025\/09\/IMG20240709084513-1-768x1024.jpg 768w, https:\/\/co2engineering.com\/wp-content\/uploads\/2025\/09\/IMG20240709084513-1-225x300.jpg 225w, https:\/\/co2engineering.com\/wp-content\/uploads\/2025\/09\/IMG20240709084513-1-1152x1536.jpg 1152w, https:\/\/co2engineering.com\/wp-content\/uploads\/2025\/09\/IMG20240709084513-1-1536x2048.jpg 1536w, https:\/\/co2engineering.com\/wp-content\/uploads\/2025\/09\/IMG20240709084513-1-9x12.jpg 9w, https:\/\/co2engineering.com\/wp-content\/uploads\/2025\/09\/IMG20240709084513-1-scaled.jpg 1920w\" sizes=\"(max-width: 768px) 100vw, 768px\" \/>\t\t\t\t\t\t\t\t\t\t\t\t\t\t\t<\/div>\n\t\t\t\t<\/div>\n\t\t\t\t<\/div>\n\t\t<div class=\"elementor-element elementor-element-26c67830 e-con-full e-flex e-con e-child\" data-id=\"26c67830\" data-element_type=\"container\" data-settings=\"{&quot;content_width&quot;:&quot;full&quot;}\">\n\t\t\t\t<div class=\"elementor-element elementor-element-2c551fab elementor-widget elementor-widget-image\" data-id=\"2c551fab\" data-element_type=\"widget\" data-widget_type=\"image.default\">\n\t\t\t\t<div class=\"elementor-widget-container\">\n\t\t\t\t\t\t\t\t\t\t\t\t\t\t\t<img loading=\"lazy\" decoding=\"async\" width=\"683\" height=\"1024\" src=\"https:\/\/co2engineering.com\/wp-content\/uploads\/2025\/09\/2025042nb-8_122444-683x1024.jpg\" class=\"attachment-large size-large wp-image-1407\" alt=\"\" srcset=\"https:\/\/co2engineering.com\/wp-content\/uploads\/2025\/09\/2025042nb-8_122444-683x1024.jpg 683w, https:\/\/co2engineering.com\/wp-content\/uploads\/2025\/09\/2025042nb-8_122444-200x300.jpg 200w, https:\/\/co2engineering.com\/wp-content\/uploads\/2025\/09\/2025042nb-8_122444-768x1152.jpg 768w, https:\/\/co2engineering.com\/wp-content\/uploads\/2025\/09\/2025042nb-8_122444-1024x1536.jpg 1024w, https:\/\/co2engineering.com\/wp-content\/uploads\/2025\/09\/2025042nb-8_122444-1365x2048.jpg 1365w, https:\/\/co2engineering.com\/wp-content\/uploads\/2025\/09\/2025042nb-8_122444-8x12.jpg 8w, https:\/\/co2engineering.com\/wp-content\/uploads\/2025\/09\/2025042nb-8_122444-scaled.jpg 1707w\" sizes=\"(max-width: 683px) 100vw, 683px\" \/>\t\t\t\t\t\t\t\t\t\t\t\t\t\t\t<\/div>\n\t\t\t\t<\/div>\n\t\t\t\t<\/div>\n\t\t\t\t\t<\/div>\n\t\t\t\t<\/div>\n\t\t<div class=\"elementor-element elementor-element-2792525 e-flex e-con-boxed e-con e-parent\" data-id=\"2792525\" data-element_type=\"container\" data-settings=\"{&quot;content_width&quot;:&quot;boxed&quot;}\" data-core-v316-plus=\"true\">\n\t\t\t\t\t<div class=\"e-con-inner\">\n\t\t\t\t<div class=\"elementor-element elementor-element-5aed1840 elementor-widget elementor-widget-spacer\" data-id=\"5aed1840\" data-element_type=\"widget\" data-widget_type=\"spacer.default\">\n\t\t\t\t<div class=\"elementor-widget-container\">\n\t\t\t\t\t<div class=\"elementor-spacer\">\n\t\t\t<div class=\"elementor-spacer-inner\"><\/div>\n\t\t<\/div>\n\t\t\t\t<\/div>\n\t\t\t\t<\/div>\n\t\t\t\t<div class=\"elementor-element elementor-element-216a5d72 elementor-widget elementor-widget-spacer\" data-id=\"216a5d72\" data-element_type=\"widget\" data-widget_type=\"spacer.default\">\n\t\t\t\t<div class=\"elementor-widget-container\">\n\t\t\t\t\t<div class=\"elementor-spacer\">\n\t\t\t<div class=\"elementor-spacer-inner\"><\/div>\n\t\t<\/div>\n\t\t\t\t<\/div>\n\t\t\t\t<\/div>\n\t\t\t\t\t<\/div>\n\t\t\t\t<\/div>\n\t\t\t\t\t\t\t<\/div>","protected":false},"excerpt":{"rendered":"<p>Distillation de gaz \u00e0 froid Gazechim Description : bas\u00e9 \u00e0 B\u00e9ziers, groupe industriel fran\u00e7ais sp\u00e9cialis\u00e9 dans la distribution de gaz, fluides frigorig\u00e8nes et mat\u00e9riaux composites Solution d\u00e9ploy\u00e9e : conception et mise en service d\u2019une colonne \u00e0 distiller pour le traitement de gaz frigorifiques B\u00e9n\u00e9fices : r\u00e9duction empreinte carbone -2000T\/an d\u2019\u00e9mission Mise en service :Mars 2025 [&hellip;]<\/p>","protected":false},"author":3,"featured_media":0,"parent":0,"menu_order":0,"comment_status":"closed","ping_status":"closed","template":"elementor_header_footer","meta":{"om_disable_all_campaigns":false,"_monsterinsights_skip_tracking":false,"_monsterinsights_sitenote_active":false,"_monsterinsights_sitenote_note":"","_monsterinsights_sitenote_category":0,"_uf_show_specific_survey":0,"_uf_disable_surveys":false,"footnotes":""},"class_list":["post-1396","page","type-page","status-publish","hentry","entry"],"aioseo_notices":[],"_links":{"self":[{"href":"https:\/\/co2engineering.com\/en\/wp-json\/wp\/v2\/pages\/1396","targetHints":{"allow":["GET"]}}],"collection":[{"href":"https:\/\/co2engineering.com\/en\/wp-json\/wp\/v2\/pages"}],"about":[{"href":"https:\/\/co2engineering.com\/en\/wp-json\/wp\/v2\/types\/page"}],"author":[{"embeddable":true,"href":"https:\/\/co2engineering.com\/en\/wp-json\/wp\/v2\/users\/3"}],"replies":[{"embeddable":true,"href":"https:\/\/co2engineering.com\/en\/wp-json\/wp\/v2\/comments?post=1396"}],"version-history":[{"count":22,"href":"https:\/\/co2engineering.com\/en\/wp-json\/wp\/v2\/pages\/1396\/revisions"}],"predecessor-version":[{"id":1833,"href":"https:\/\/co2engineering.com\/en\/wp-json\/wp\/v2\/pages\/1396\/revisions\/1833"}],"wp:attachment":[{"href":"https:\/\/co2engineering.com\/en\/wp-json\/wp\/v2\/media?parent=1396"}],"curies":[{"name":"wp","href":"https:\/\/api.w.org\/{rel}","templated":true}]}}