{"id":1394,"date":"2025-09-17T08:30:58","date_gmt":"2025-09-17T06:30:58","guid":{"rendered":"https:\/\/wceprocess.com\/?page_id=1394"},"modified":"2025-12-11T06:03:52","modified_gmt":"2025-12-11T05:03:52","slug":"nos-projets","status":"publish","type":"page","link":"https:\/\/co2engineering.com\/en\/nos-projets\/","title":{"rendered":"Nos projets"},"content":{"rendered":"<div data-elementor-type=\"wp-page\" data-elementor-id=\"1394\" class=\"elementor elementor-1394\">\n\t\t\t\t\t\t\t\t\t<section class=\"elementor-section elementor-top-section elementor-element elementor-element-23a94a3e elementor-section-boxed elementor-section-height-default elementor-section-height-default\" data-id=\"23a94a3e\" data-element_type=\"section\">\n\t\t\t\t\t\t<div class=\"elementor-container elementor-column-gap-default\">\n\t\t\t\t\t<div class=\"elementor-column elementor-col-100 elementor-top-column elementor-element elementor-element-82a020\" data-id=\"82a020\" data-element_type=\"column\">\n\t\t\t<div class=\"elementor-widget-wrap elementor-element-populated\">\n\t\t\t\t\t\t<div class=\"elementor-element elementor-element-305d2591 e-flex e-con-boxed e-con e-parent\" data-id=\"305d2591\" data-element_type=\"container\" data-settings=\"{&quot;background_background&quot;:&quot;classic&quot;,&quot;content_width&quot;:&quot;boxed&quot;}\" data-core-v316-plus=\"true\">\n\t\t\t\t\t<div class=\"e-con-inner\">\n\t\t\t\t<div class=\"elementor-element elementor-element-57c8b62c elementor-widget elementor-widget-heading\" data-id=\"57c8b62c\" data-element_type=\"widget\" data-widget_type=\"heading.default\">\n\t\t\t\t<div class=\"elementor-widget-container\">\n\t\t\t<style>\/*! elementor - v3.17.0 - 08-11-2023 *\/\n.elementor-heading-title{padding:0;margin:0;line-height:1}.elementor-widget-heading .elementor-heading-title[class*=elementor-size-]>a{color:inherit;font-size:inherit;line-height:inherit}.elementor-widget-heading .elementor-heading-title.elementor-size-small{font-size:15px}.elementor-widget-heading .elementor-heading-title.elementor-size-medium{font-size:19px}.elementor-widget-heading .elementor-heading-title.elementor-size-large{font-size:29px}.elementor-widget-heading .elementor-heading-title.elementor-size-xl{font-size:39px}.elementor-widget-heading .elementor-heading-title.elementor-size-xxl{font-size:59px}<\/style><h2 class=\"elementor-heading-title elementor-size-default\">Nos projets<\/h2>\t\t<\/div>\n\t\t\t\t<\/div>\n\t\t\t\t\t<\/div>\n\t\t\t\t<\/div>\n\t\t\t\t<div class=\"elementor-element elementor-element-3b806c90 elementor-widget elementor-widget-spacer\" data-id=\"3b806c90\" data-element_type=\"widget\" data-widget_type=\"spacer.default\">\n\t\t\t\t<div class=\"elementor-widget-container\">\n\t\t\t<style>\/*! elementor - v3.17.0 - 08-11-2023 *\/\n.elementor-column .elementor-spacer-inner{height:var(--spacer-size)}.e-con{--container-widget-width:100%}.e-con-inner>.elementor-widget-spacer,.e-con>.elementor-widget-spacer{width:var(--container-widget-width,var(--spacer-size));--align-self:var(--container-widget-align-self,initial);--flex-shrink:0}.e-con-inner>.elementor-widget-spacer>.elementor-widget-container,.e-con>.elementor-widget-spacer>.elementor-widget-container{height:100%;width:100%}.e-con-inner>.elementor-widget-spacer>.elementor-widget-container>.elementor-spacer,.e-con>.elementor-widget-spacer>.elementor-widget-container>.elementor-spacer{height:100%}.e-con-inner>.elementor-widget-spacer>.elementor-widget-container>.elementor-spacer>.elementor-spacer-inner,.e-con>.elementor-widget-spacer>.elementor-widget-container>.elementor-spacer>.elementor-spacer-inner{height:var(--container-widget-height,var(--spacer-size))}.e-con-inner>.elementor-widget-spacer.elementor-widget-empty,.e-con>.elementor-widget-spacer.elementor-widget-empty{position:relative;min-height:22px;min-width:22px}.e-con-inner>.elementor-widget-spacer.elementor-widget-empty .elementor-widget-empty-icon,.e-con>.elementor-widget-spacer.elementor-widget-empty .elementor-widget-empty-icon{position:absolute;top:0;bottom:0;left:0;right:0;margin:auto;padding:0;width:22px;height:22px}<\/style>\t\t<div class=\"elementor-spacer\">\n\t\t\t<div class=\"elementor-spacer-inner\"><\/div>\n\t\t<\/div>\n\t\t\t\t<\/div>\n\t\t\t\t<\/div>\n\t\t\t\t\t<\/div>\n\t\t<\/div>\n\t\t\t\t\t\t\t<\/div>\n\t\t<\/section>\n\t\t<div class=\"elementor-element elementor-element-2f2396 e-flex e-con-boxed e-con e-parent\" data-id=\"2f2396\" data-element_type=\"container\" data-settings=\"{&quot;content_width&quot;:&quot;boxed&quot;}\" data-core-v316-plus=\"true\">\n\t\t\t\t\t<div class=\"e-con-inner\">\n\t\t\t\t<div class=\"elementor-element elementor-element-2eac61ae elementor-widget elementor-widget-text-editor\" data-id=\"2eac61ae\" data-element_type=\"widget\" data-widget_type=\"text-editor.default\">\n\t\t\t\t<div class=\"elementor-widget-container\">\n\t\t\t<style>\/*! elementor - v3.17.0 - 08-11-2023 *\/\n.elementor-widget-text-editor.elementor-drop-cap-view-stacked .elementor-drop-cap{background-color:#69727d;color:#fff}.elementor-widget-text-editor.elementor-drop-cap-view-framed .elementor-drop-cap{color:#69727d;border:3px solid;background-color:transparent}.elementor-widget-text-editor:not(.elementor-drop-cap-view-default) .elementor-drop-cap{margin-top:8px}.elementor-widget-text-editor:not(.elementor-drop-cap-view-default) .elementor-drop-cap-letter{width:1em;height:1em}.elementor-widget-text-editor .elementor-drop-cap{float:left;text-align:center;line-height:1;font-size:50px}.elementor-widget-text-editor .elementor-drop-cap-letter{display:inline-block}<\/style>\t\t\t\t<p data-start=\"87\" data-end=\"371\">Chez <strong data-start=\"92\" data-end=\"111\">CO2 Engineering<\/strong>, nous aidons les entreprises industrielles \u00e0 \u00e9voluer vers des m\u00e9thodes plus durables et efficaces. Forts de notre savoir-faire technique et de notre ma\u00eetrise des probl\u00e9matiques environnementales, nous d\u00e9veloppons des solutions sur mesure pour chaque projet.<\/p><p data-start=\"373\" data-end=\"577\">En adoptant une vision globale et en mobilisant une expertise couvrant plusieurs secteurs, nous mettons en place des actions tangibles qui allient comp\u00e9titivit\u00e9 \u00e9conomique et respect de l\u2019environnement.<\/p>\t\t\t\t\t\t<\/div>\n\t\t\t\t<\/div>\n\t\t\t\t\t<\/div>\n\t\t\t\t<\/div>\n\t\t<div class=\"elementor-element elementor-element-185c7edc e-flex e-con-boxed e-con e-parent\" data-id=\"185c7edc\" data-element_type=\"container\" data-settings=\"{&quot;content_width&quot;:&quot;boxed&quot;}\" data-core-v316-plus=\"true\">\n\t\t\t\t\t<div class=\"e-con-inner\">\n\t\t<div class=\"elementor-element elementor-element-1885eae3 e-con-full e-flex e-con e-child\" data-id=\"1885eae3\" data-element_type=\"container\" data-settings=\"{&quot;content_width&quot;:&quot;full&quot;}\">\n\t\t\t\t<div class=\"elementor-element elementor-element-7889c0a8 elementor-widget elementor-widget-heading\" data-id=\"7889c0a8\" data-element_type=\"widget\" data-widget_type=\"heading.default\">\n\t\t\t\t<div class=\"elementor-widget-container\">\n\t\t\t<h1 class=\"elementor-heading-title elementor-size-default\">Projet de distillation de gaz \u00e0 froid <\/strong> r\u00e9alis\u00e9 chez <strong>Gazechim<\/strong> Mars 2025<\/h1>\t\t<\/div>\n\t\t\t\t<\/div>\n\t\t\t\t<div class=\"elementor-element elementor-element-abeb44d elementor-widget elementor-widget-text-editor\" data-id=\"abeb44d\" data-element_type=\"widget\" data-widget_type=\"text-editor.default\">\n\t\t\t\t<div class=\"elementor-widget-container\">\n\t\t\t\t\t\t\t<p><strong style=\"font-size: 14px;\">Distillation<\/strong><span style=\"font-size: 14px;\">&nbsp;par lots de m\u00e9langes de&nbsp;<\/span><strong style=\"font-size: 14px;\">gaz r\u00e9frig\u00e9rants<\/strong><span style=\"font-size: 14px;\">&nbsp;:<\/span><\/p><ul>\n<li>\u00c9conomies d&rsquo;\u00e9nergie &#8211; r\u00e9duction de la consommation d&rsquo;\u00e9lectricit\u00e9 gr\u00e2ce \u00e0 l&rsquo;installation de pompes \u00e0 chaleur&nbsp;&nbsp;<\/li>\n<li>Construction d&rsquo;une unit\u00e9 pilote et industrielle<\/li>\n<\/ul>\t\t\t\t\t\t<\/div>\n\t\t\t\t<\/div>\n\t\t\t\t<div class=\"elementor-element elementor-element-001f0dd elementor-widget elementor-widget-image\" data-id=\"001f0dd\" data-element_type=\"widget\" data-widget_type=\"image.default\">\n\t\t\t\t<div class=\"elementor-widget-container\">\n\t\t\t<style>\/*! elementor - v3.17.0 - 08-11-2023 *\/\n.elementor-widget-image{text-align:center}.elementor-widget-image a{display:inline-block}.elementor-widget-image a img[src$=\".svg\"]{width:48px}.elementor-widget-image img{vertical-align:middle;display:inline-block}<\/style>\t\t\t\t\t\t\t\t\t\t\t\t<img fetchpriority=\"high\" decoding=\"async\" width=\"1015\" height=\"1024\" src=\"https:\/\/co2engineering.com\/wp-content\/uploads\/2025\/09\/IMG202sd40726130545-1-1015x1024.jpg\" class=\"attachment-large size-large wp-image-1418\" alt=\"\" srcset=\"https:\/\/co2engineering.com\/wp-content\/uploads\/2025\/09\/IMG202sd40726130545-1-1015x1024.jpg 1015w, https:\/\/co2engineering.com\/wp-content\/uploads\/2025\/09\/IMG202sd40726130545-1-297x300.jpg 297w, https:\/\/co2engineering.com\/wp-content\/uploads\/2025\/09\/IMG202sd40726130545-1-150x150.jpg 150w, https:\/\/co2engineering.com\/wp-content\/uploads\/2025\/09\/IMG202sd40726130545-1-768x775.jpg 768w, https:\/\/co2engineering.com\/wp-content\/uploads\/2025\/09\/IMG202sd40726130545-1-1522x1536.jpg 1522w, https:\/\/co2engineering.com\/wp-content\/uploads\/2025\/09\/IMG202sd40726130545-1-2030x2048.jpg 2030w, https:\/\/co2engineering.com\/wp-content\/uploads\/2025\/09\/IMG202sd40726130545-1-12x12.jpg 12w\" sizes=\"(max-width: 1015px) 100vw, 1015px\" \/>\t\t\t\t\t\t\t\t\t\t\t\t\t\t\t<\/div>\n\t\t\t\t<\/div>\n\t\t\t\t<div class=\"elementor-element elementor-element-129cf8c elementor-align-center elementor-widget elementor-widget-button\" data-id=\"129cf8c\" data-element_type=\"widget\" data-widget_type=\"button.default\">\n\t\t\t\t<div class=\"elementor-widget-container\">\n\t\t\t\t\t<div class=\"elementor-button-wrapper\">\n\t\t\t<a class=\"elementor-button elementor-button-link elementor-size-sm\" href=\"https:\/\/co2engineering.com\/en\/distillation-de-gaz-a-froid-gazechim\/\" target=\"_blank\">\n\t\t\t\t\t\t<span class=\"elementor-button-content-wrapper\">\n\t\t\t\t\t\t<span class=\"elementor-button-text\">D\u00e9couvrir le projet<\/span>\n\t\t<\/span>\n\t\t\t\t\t<\/a>\n\t\t<\/div>\n\t\t\t\t<\/div>\n\t\t\t\t<\/div>\n\t\t\t\t<\/div>\n\t\t<div class=\"elementor-element elementor-element-3fa64661 e-con-full e-flex e-con e-child\" data-id=\"3fa64661\" data-element_type=\"container\" data-settings=\"{&quot;content_width&quot;:&quot;full&quot;}\">\n\t\t\t\t<div class=\"elementor-element elementor-element-750bffca elementor-widget elementor-widget-heading\" data-id=\"750bffca\" data-element_type=\"widget\" data-widget_type=\"heading.default\">\n\t\t\t\t<div class=\"elementor-widget-container\">\n\t\t\t<h1 class=\"elementor-heading-title elementor-size-default\">D\u00e9carbonation des fum\u00e9es issues d\u2019un \u00e9quipement de combustion<\/h1>\t\t<\/div>\n\t\t\t\t<\/div>\n\t\t\t\t<div class=\"elementor-element elementor-element-b3aaa7b elementor-widget elementor-widget-text-editor\" data-id=\"b3aaa7b\" data-element_type=\"widget\" data-widget_type=\"text-editor.default\">\n\t\t\t\t<div class=\"elementor-widget-container\">\n\t\t\t\t\t\t\t<p>Principe de fonctionnement :\u00a0<\/p><p><b>Recyclage des fum\u00e9es<\/b> vers la chambre de combustion int\u00e9grant un g\u00e9n\u00e9rateur<br \/>d\u2019oxyg\u00e8ne consommant le CO2 provenant des fum\u00e9es et produisant une <b>mol\u00e9cule organique d\u2019int\u00e9r\u00eat<\/b><br \/>(exemple : m\u00e9thanol, e-fuel&#8230;)<\/p>\t\t\t\t\t\t<\/div>\n\t\t\t\t<\/div>\n\t\t\t\t<div class=\"elementor-element elementor-element-c00094f elementor-widget elementor-widget-image\" data-id=\"c00094f\" data-element_type=\"widget\" data-widget_type=\"image.default\">\n\t\t\t\t<div class=\"elementor-widget-container\">\n\t\t\t\t\t\t\t\t\t\t\t\t\t\t\t<img decoding=\"async\" width=\"468\" height=\"468\" src=\"https:\/\/co2engineering.com\/wp-content\/uploads\/2025\/09\/electolyse.png\" class=\"attachment-large size-large wp-image-1416\" alt=\"\" srcset=\"https:\/\/co2engineering.com\/wp-content\/uploads\/2025\/09\/electolyse.png 468w, https:\/\/co2engineering.com\/wp-content\/uploads\/2025\/09\/electolyse-300x300.png 300w, https:\/\/co2engineering.com\/wp-content\/uploads\/2025\/09\/electolyse-150x150.png 150w, https:\/\/co2engineering.com\/wp-content\/uploads\/2025\/09\/electolyse-12x12.png 12w\" sizes=\"(max-width: 468px) 100vw, 468px\" \/>\t\t\t\t\t\t\t\t\t\t\t\t\t\t\t<\/div>\n\t\t\t\t<\/div>\n\t\t\t\t<div class=\"elementor-element elementor-element-7737ee8 elementor-align-center elementor-widget elementor-widget-button\" data-id=\"7737ee8\" data-element_type=\"widget\" data-widget_type=\"button.default\">\n\t\t\t\t<div class=\"elementor-widget-container\">\n\t\t\t\t\t<div class=\"elementor-button-wrapper\">\n\t\t\t<a class=\"elementor-button elementor-button-link elementor-size-sm\" href=\"https:\/\/co2engineering.com\/en\/decarbonation-des-fumees-issues-dun-equipement-de-combustion\/\" target=\"_blank\">\n\t\t\t\t\t\t<span class=\"elementor-button-content-wrapper\">\n\t\t\t\t\t\t<span class=\"elementor-button-text\">D\u00e9couvrir le projet<\/span>\n\t\t<\/span>\n\t\t\t\t\t<\/a>\n\t\t<\/div>\n\t\t\t\t<\/div>\n\t\t\t\t<\/div>\n\t\t\t\t<\/div>\n\t\t<div class=\"elementor-element elementor-element-318433c2 e-con-full e-flex e-con e-child\" data-id=\"318433c2\" data-element_type=\"container\" data-settings=\"{&quot;content_width&quot;:&quot;full&quot;}\">\n\t\t\t\t<div class=\"elementor-element elementor-element-353c3ee7 elementor-widget elementor-widget-heading\" data-id=\"353c3ee7\" data-element_type=\"widget\" data-widget_type=\"heading.default\">\n\t\t\t\t<div class=\"elementor-widget-container\">\n\t\t\t<h1 class=\"elementor-heading-title elementor-size-default\"><strong>Rotating Packed Bed<\/strong>                                                                (RPB)<\/strong> Dispositif de contact gaz-liquide<\/h1>\t\t<\/div>\n\t\t\t\t<\/div>\n\t\t\t\t<div class=\"elementor-element elementor-element-5e432ab2 elementor-widget elementor-widget-text-editor\" data-id=\"5e432ab2\" data-element_type=\"widget\" data-widget_type=\"text-editor.default\">\n\t\t\t\t<div class=\"elementor-widget-container\">\n\t\t\t\t\t\t\t<p>Principe de fonctionnement :<\/p><p>Analyse de la <strong>dynamique des \u00e9coulements gaz\u2013liquide<\/strong> au moyen d&rsquo;imagerie \u00e0 grande vitesse. Les r\u00e9sultats permettront de concevoir des <strong>garnissages<\/strong> optimis\u00e9s afin d&rsquo;am\u00e9liorer l&rsquo;efficacit\u00e9 des op\u00e9rations de captage du carbone.<\/p>\t\t\t\t\t\t<\/div>\n\t\t\t\t<\/div>\n\t\t\t\t<div class=\"elementor-element elementor-element-8b61830 elementor-widget elementor-widget-image\" data-id=\"8b61830\" data-element_type=\"widget\" data-widget_type=\"image.default\">\n\t\t\t\t<div class=\"elementor-widget-container\">\n\t\t\t\t\t\t\t\t\t\t\t\t\t\t\t<img decoding=\"async\" width=\"1024\" height=\"1013\" src=\"https:\/\/co2engineering.com\/wp-content\/uploads\/2025\/09\/IMGdf_2600-1-1024x1013.jpg\" class=\"attachment-large size-large wp-image-1447\" alt=\"\" srcset=\"https:\/\/co2engineering.com\/wp-content\/uploads\/2025\/09\/IMGdf_2600-1-1024x1013.jpg 1024w, https:\/\/co2engineering.com\/wp-content\/uploads\/2025\/09\/IMGdf_2600-1-300x297.jpg 300w, https:\/\/co2engineering.com\/wp-content\/uploads\/2025\/09\/IMGdf_2600-1-768x760.jpg 768w, https:\/\/co2engineering.com\/wp-content\/uploads\/2025\/09\/IMGdf_2600-1-1536x1520.jpg 1536w, https:\/\/co2engineering.com\/wp-content\/uploads\/2025\/09\/IMGdf_2600-1-2048x2027.jpg 2048w, https:\/\/co2engineering.com\/wp-content\/uploads\/2025\/09\/IMGdf_2600-1-12x12.jpg 12w\" sizes=\"(max-width: 1024px) 100vw, 1024px\" \/>\t\t\t\t\t\t\t\t\t\t\t\t\t\t\t<\/div>\n\t\t\t\t<\/div>\n\t\t\t\t<\/div>\n\t\t\t\t\t<\/div>\n\t\t\t\t<\/div>\n\t\t<div class=\"elementor-element elementor-element-d3b484f e-flex e-con-boxed e-con e-parent\" data-id=\"d3b484f\" data-element_type=\"container\" data-settings=\"{&quot;content_width&quot;:&quot;boxed&quot;}\" data-core-v316-plus=\"true\">\n\t\t\t\t\t<div class=\"e-con-inner\">\n\t\t\t\t<div class=\"elementor-element elementor-element-b69ae81 elementor-widget elementor-widget-spacer\" data-id=\"b69ae81\" data-element_type=\"widget\" data-widget_type=\"spacer.default\">\n\t\t\t\t<div class=\"elementor-widget-container\">\n\t\t\t\t\t<div class=\"elementor-spacer\">\n\t\t\t<div class=\"elementor-spacer-inner\"><\/div>\n\t\t<\/div>\n\t\t\t\t<\/div>\n\t\t\t\t<\/div>\n\t\t\t\t\t<\/div>\n\t\t\t\t<\/div>\n\t\t\t\t\t\t\t<\/div>","protected":false},"excerpt":{"rendered":"<p>Nos projets Chez CO2 Engineering, nous aidons les entreprises industrielles \u00e0 \u00e9voluer vers des m\u00e9thodes plus durables et efficaces. Forts de notre savoir-faire technique et de notre ma\u00eetrise des probl\u00e9matiques environnementales, nous d\u00e9veloppons des solutions sur mesure pour chaque projet. En adoptant une vision globale et en mobilisant une expertise couvrant plusieurs secteurs, nous mettons [&hellip;]<\/p>","protected":false},"author":3,"featured_media":0,"parent":0,"menu_order":0,"comment_status":"closed","ping_status":"closed","template":"","meta":{"om_disable_all_campaigns":false,"_monsterinsights_skip_tracking":false,"_monsterinsights_sitenote_active":false,"_monsterinsights_sitenote_note":"","_monsterinsights_sitenote_category":0,"_uf_show_specific_survey":0,"_uf_disable_surveys":false,"footnotes":""},"class_list":["post-1394","page","type-page","status-publish","hentry","entry"],"aioseo_notices":[],"_links":{"self":[{"href":"https:\/\/co2engineering.com\/en\/wp-json\/wp\/v2\/pages\/1394","targetHints":{"allow":["GET"]}}],"collection":[{"href":"https:\/\/co2engineering.com\/en\/wp-json\/wp\/v2\/pages"}],"about":[{"href":"https:\/\/co2engineering.com\/en\/wp-json\/wp\/v2\/types\/page"}],"author":[{"embeddable":true,"href":"https:\/\/co2engineering.com\/en\/wp-json\/wp\/v2\/users\/3"}],"replies":[{"embeddable":true,"href":"https:\/\/co2engineering.com\/en\/wp-json\/wp\/v2\/comments?post=1394"}],"version-history":[{"count":40,"href":"https:\/\/co2engineering.com\/en\/wp-json\/wp\/v2\/pages\/1394\/revisions"}],"predecessor-version":[{"id":1851,"href":"https:\/\/co2engineering.com\/en\/wp-json\/wp\/v2\/pages\/1394\/revisions\/1851"}],"wp:attachment":[{"href":"https:\/\/co2engineering.com\/en\/wp-json\/wp\/v2\/media?parent=1394"}],"curies":[{"name":"wp","href":"https:\/\/api.w.org\/{rel}","templated":true}]}}